{"id":236,"date":"2023-06-20T09:49:24","date_gmt":"2023-06-20T07:49:24","guid":{"rendered":"http:\/\/artmediacommunication.com\/?page_id=236"},"modified":"2023-06-20T09:49:24","modified_gmt":"2023-06-20T07:49:24","slug":"politique-de-confidentialite","status":"publish","type":"page","link":"https:\/\/artmediacommunication.com\/index.php\/politique-de-confidentialite\/","title":{"rendered":"Politique de Confidentialit\u00e9"},"content":{"rendered":"<p>[et_pb_section fb_built=\u00a0\u00bb1&Prime; theme_builder_area=\u00a0\u00bbpost_content\u00a0\u00bb _builder_version=\u00a0\u00bb4.21.0&Prime; _module_preset=\u00a0\u00bbdefault\u00a0\u00bb][et_pb_row _builder_version=\u00a0\u00bb4.21.0&Prime; _module_preset=\u00a0\u00bbdefault\u00a0\u00bb theme_builder_area=\u00a0\u00bbpost_content\u00a0\u00bb][et_pb_column _builder_version=\u00a0\u00bb4.21.0&Prime; _module_preset=\u00a0\u00bbdefault\u00a0\u00bb type=\u00a0\u00bb4_4&Prime; theme_builder_area=\u00a0\u00bbpost_content\u00a0\u00bb][et_pb_text _builder_version=\u00a0\u00bb4.21.0&Prime; _module_preset=\u00a0\u00bbdefault\u00a0\u00bb theme_builder_area=\u00a0\u00bbpost_content\u00a0\u00bb hover_enabled=\u00a0\u00bb0&Prime; sticky_enabled=\u00a0\u00bb0&Prime;]<\/p>\n<h1 style=\"text-align: center;\"><span style=\"text-decoration: underline;\">Politique de Confidentialit\u00e9\u00a0<\/span><\/h1>\n<p>[\/et_pb_text][\/et_pb_column][\/et_pb_row][et_pb_row _builder_version=\u00a0\u00bb4.21.0&Prime; _module_preset=\u00a0\u00bbdefault\u00a0\u00bb theme_builder_area=\u00a0\u00bbpost_content\u00a0\u00bb][et_pb_column _builder_version=\u00a0\u00bb4.21.0&Prime; _module_preset=\u00a0\u00bbdefault\u00a0\u00bb type=\u00a0\u00bb4_4&Prime; theme_builder_area=\u00a0\u00bbpost_content\u00a0\u00bb][et_pb_text _builder_version=\u00a0\u00bb4.21.0&Prime; _module_preset=\u00a0\u00bbdefault\u00a0\u00bb theme_builder_area=\u00a0\u00bbpost_content\u00a0\u00bb hover_enabled=\u00a0\u00bb0&Prime; sticky_enabled=\u00a0\u00bb0&Prime;]<\/p>\n<p><span>Le pr\u00e9sent document a pour objet de d\u00e9finir la politique de protection des donn\u00e9es personnelles de ArtM\u00e9dia Communication dont le si\u00e8ge social se situe 18,rue Rontauney,Saint-Denis 97490 \u2013 Ile de la R\u00e9union. ArtM\u00e9dia Communication est l\u2019\u00e9diteur de contenus, de produits et de services disponibles sur diff\u00e9rents supports physiques et digitaux. Cela inclut les sites web (ci-apr\u00e8s \u00ab les Sites \u00bb) et leurs d\u00e9clinaisons mobiles, les r\u00e9seaux sociaux officiels, les newsletters, les magazines, les jeux concours et tout autre support existant ou \u00e0 venir (ci-apr\u00e8s d\u00e9sign\u00e9s par les \u00ab Supports \u00bb). <\/span><span><br \/><\/span><span>ArtM\u00e9dia Communication collecte des Donn\u00e9es Personnelles pour son propre compte, dans le cadre de son activit\u00e9 et est \u00e0 ce titre, Responsable de traitement au sens du R\u00e8glement UE 2016\/679 du 27 avril 2016 et de la loi n\u00b0 78-17 du 6 janvier 1978 modifi\u00e9e relative \u00e0 l\u2019informatique, aux fichiers et aux libert\u00e9s dite \u00ab Loi Informatique et Libert\u00e9s \u00bb) ci-apr\u00e8s d\u00e9sign\u00e9 \u00ab R\u00e9glementation sur les Donn\u00e9es Personnelles \u00bb. Lorsque ArtM\u00e9dia Communication collecte des Donn\u00e9es Personnelles sur les Supports pour le compte de tiers, elle agit en qualit\u00e9 de sous-traitant au sens de la R\u00e9glementation pr\u00e9cit\u00e9es. Soucieux du respect des Donn\u00e9es Personnelles, ArtM\u00e9dia Communication accorde une importance toute particuli\u00e8re \u00e0 leur protection. Le pr\u00e9sent document vous informe et pr\u00e9cise les modalit\u00e9s de collecte des Donn\u00e9es Personnelles conform\u00e9ment \u00e0 la R\u00e9glementation sur les Donn\u00e9es Personnelles. ArtM\u00e9dia Communication se r\u00e9serve le droit de modifier \u00e0 tout moment et sans pr\u00e9avis les dispositions du pr\u00e9sent document, notamment pour se conformer \u00e0 toute \u00e9volution r\u00e9glementaire, \u00e9ditoriale ou encore technique. Les modifications entrent en vigueur et deviennent opposables \u00e0 la date de leur publication.<br \/><\/span><strong><em>Les Donn\u00e9es Personnelles que nous recueillons.<br \/>Quelles sont les Donn\u00e9es Personnelles que nous collectons directement aupr\u00e8s de vous ?<br \/><\/em><\/strong><span>ArtM\u00e9dia Communication collecte des Donn\u00e9es Personnelles lors que vous nous contactez par message depuis notre site web, sur ses applications mobiles, par t\u00e9l\u00e9phone ou bien lorsque vous vous abonnez ou participez \u00e0 une op\u00e9ration marketing (jeu, \u00e9tude, sondage, concours), quel que soit le Support. Pr\u00e9alablement \u00e0 la collecte de vos Donn\u00e9es Personnelles, ArtM\u00e9dia Communication vous informe du caract\u00e8re obligatoire ou facultatif des donn\u00e9es \u00e0 renseigner sur ses formulaires digitaux ou papiers. Ces donn\u00e9es collect\u00e9es directement sont notamment : \u2013 Vos donn\u00e9es d\u2019identification (nom, pr\u00e9nom) ; \u2013 Vos donn\u00e9es de contact (adresse postale, num\u00e9ro de t\u00e9l\u00e9phone, adresse \u00e9lectronique) ; \u2013 Les donn\u00e9es li\u00e9es \u00e0 vos habitudes et\/ou vos pr\u00e9f\u00e9rences ; \u2013 Les donn\u00e9es relatives \u00e0 l\u2019organisation et au traitement des jeux concours, ou toute autre offre promotionnelle (date de la participation, r\u00e9ponses apport\u00e9es, nature des lots remport\u00e9s) ; \u2013 Vos contributions et commentaires. Lorsque le Service n\u00e9cessite le consentement, les informations relatives au Mineur ne peuvent \u00eatre fournies par celui-ci qu\u2019avec l\u2019accord des personnes titulaires de l\u2019autorit\u00e9 parentale (voir article 9 ci-apr\u00e8s).\u00a0<\/span><span><a href=\"https:\/\/conso.bloctel.fr\/\"><br \/><\/a><\/span><strong>Qui a acc\u00e8s \u00e0 vos Donn\u00e9es Personnelles ?<br \/><\/strong><span>Sont notamment susceptibles d\u2019avoir acc\u00e8s \u00e0 vos Donn\u00e9es Personnelles : \u2013 L\u2019\u00e9diteur des Services, en sa qualit\u00e9 de Responsable de traitement ; \u2013 Certains collaborateurs de ArtM\u00e9dia Communication pour la gestion des Services ; \u2013 Les partenaires commerciaux et essentiellement les r\u00e9gies marketing et publicitaires (toute entit\u00e9 ayant conclu un contrat encadrant la mise \u00e0 disposition des donn\u00e9es et pr\u00e9sentant les mesures techniques et organisationnelles de protection suffisantes)<br \/><\/span><strong>Quelle utilisation faisons-nous de vos Donn\u00e9es Personnelles ?<br \/><\/strong><span>ArtM\u00e9dia Communication n\u2019est autoris\u00e9 \u00e0 utiliser les Donn\u00e9es Personnelles que si elle dispose d\u2019une base juridique valable. En tant que client, prospect ou simple Utilisateur de nos Services, ArtM\u00e9dia Communication collecte vos Donn\u00e9es Personnelles sur le fondement de plusieurs bases juridiques : l\u2019ex\u00e9cution d\u2019un contrat (comme le traitement et ex\u00e9cution de commandes) ; l\u2019ex\u00e9cution d\u2019une obligation l\u00e9gale (comme la conservation des factures, des bons de commande) ; l\u2019expression de votre consentement expr\u00e8s et pr\u00e9alable ou \u00e9ventuellement selon notre int\u00e9r\u00eat l\u00e9gitime. Vos Donn\u00e9es Personnelles peuvent notamment \u00eatre trait\u00e9es pour les finalit\u00e9s suivantes : \u2013 la souscription \u00e0 un abonnement \u00e0 l\u2019un des titres de ArtM\u00e9dia Communication afin de g\u00e9rer votre abonnement (renouvellement, d\u00e8sinscription, d\u00e9sabonnement\u2026), \u2013 l\u2019abonnement aux newsletters ou aux communications marketing (t\u00e9l\u00e9phone, mail) ou, le cas \u00e9ch\u00e9ant, \u2013 la participation aux jeux concours\/publicitaires que ArtM\u00e9dia Communication organise ; \u2013 la participation \u00e0 des sondages que ArtM\u00e9dia Communication organise ou pour tester des produits propos\u00e9s aux abonn\u00e9s et\/ou prospects ; \u2013 la collecte vos Donn\u00e9es Personnelles pour vous adresser de la publicit\u00e9 cibl\u00e9e ; \u2013 la r\u00e9alisation des mesures d\u2019audience et des \u00e9tudes statistiques de la visibilit\u00e9 de nos Sites \u2013 les op\u00e9rations de statistique, d\u2019analyse, de segmentation des clients et prospects pour am\u00e9liorer nos Services ; \u2013 les outils de mesure de visibilit\u00e9 et de fr\u00e9quentation de nos Sites et applications mobiles ; \u2013 le partage d\u2019information avec nos partenaires commerciaux ; En aucun cas vos Donn\u00e9es Personnelles ne seront trait\u00e9es ult\u00e9rieurement d\u2019une mani\u00e8re incompatible avec ces finalit\u00e9s, sauf \u00e0 recueillir votre consentement pr\u00e9alable et expr\u00e8s. Votre accord ne sera pas sollicit\u00e9 lorsque la prospection commerciale par mailing concerne : \u2013 la vente d\u2019un produit et\/ou service analogue \u00e0 ceux que ArtM\u00e9dia Communication vous fournit d\u2019ores et d\u00e9j\u00e0 et \u2013 si la prospection n\u2019est pas de nature commerciale (telles que pour des offres caritatives).<br \/><\/span><span><strong>A qui vos Donn\u00e9es Personnelles sont-elles transmises ?\u00a0<\/strong><br \/><\/span><span>Les Donn\u00e9es Personnelles sont destin\u00e9es \u00e0 ArtM\u00e9dia Communication. Elles peuvent toutefois faire l\u2019objet d\u2019une transmission \u00e0 des tiers : \u2013 Aux partenaires commerciaux de ArtM\u00e9dia Communication avec votre accord (annonceurs, agences, r\u00e9gie publicitaires, etc) ; \u2013 Aux sous-traitants missionn\u00e9s par ArtM\u00e9dia Communication (\u00e9tudes statistiques, analyse de donn\u00e9es, traitement de campagnes de mailing, gestion des flux d\u2019information de nos abonnements, r\u00e9abonnement, paiements, impay\u00e9s, etc) ; \u2013 Vos Donn\u00e9es Personnelles peuvent \u00eatre transmises aux autorit\u00e9s comp\u00e9tentes sur requ\u00eate ; \u2013 En cas de restructuration de ArtM\u00e9dia Communication (vente, transfert, fusion, etc). En outre, ArtM\u00e9dia Communication peut utiliser et partager certaines donn\u00e9es techniques ou agr\u00e9g\u00e9es vous concernant mais non personnelles, notamment les donn\u00e9es de navigation, \u00e9tant entendues que ces donn\u00e9es non personnelles ne permettent pas de r\u00e9 identifier les personnes concern\u00e9es.<br \/><\/span><span><strong>Quelle est la dur\u00e9e de conservation de vos Donn\u00e9es Personnelles ?<\/strong><br \/><\/span><span>\u00a0La dur\u00e9e de conservation de vos Donn\u00e9es Personnelles varie en fonction de la finalit\u00e9 du traitement (article 3 du pr\u00e9sent document). Sauf dispositions l\u00e9gales imp\u00e9ratives, vos Donn\u00e9es Personnelles sont conserv\u00e9es dans la limite n\u00e9cessaire \u00e0 la bonne r\u00e9alisation de la finalit\u00e9 poursuivie, au travers de notre relation contractuelle et de la gestion de votre relation commerciale post abonnement. Les Donn\u00e9es Personnelles des prospects sont conserv\u00e9es pour la p\u00e9riode d\u2019utilisation des Services et supprim\u00e9es trois (3) ans apr\u00e8s le dernier contact du prospect, sauf si ce dernier donne son accord pour continuer \u00e0 recevoir des sollicitations commerciales. Toutefois, en fonction des finalit\u00e9s poursuivies, ArtM\u00e9dia Communication se r\u00e9serve la possibilit\u00e9 de recourir \u00e0 l\u2019archivage ou de mettre en place un processus d\u2019anonymisation de vos Donn\u00e9es Personnelles. Les informations stock\u00e9es dans le terminal (par exemple les cookies), ou tout autre \u00e9l\u00e9ment utilis\u00e9 pour identifier et permettant la tra\u00e7abilit\u00e9 ainsi que les donn\u00e9es de fr\u00e9quentation brutes associant un identifiant, ne seront pas conserv\u00e9es au-del\u00e0 de treize (13) mois.<br \/><\/span><strong>\u00a0Quels sont vos droits ? Comment exercer vos droits ?<br \/>Vos droits\u00a0<\/strong><br \/><span>Vous disposez d\u2019un droit de retirer votre consentement \u00e0 tout moment, d\u2019un droit d\u2019acc\u00e8s, de rectification et d\u2019effacement, de limitation du traitement, de portabilit\u00e9, d\u2019opposition, et du droit de d\u00e9finir les directives relatives au sort de vos Donn\u00e9es Personnelles en cas de d\u00e9c\u00e8s, en justifiant de votre identit\u00e9 par tout moyen. Vous pouvez, pour des motifs l\u00e9gitimes, vous opposer au traitement de ces donn\u00e9es. Droit d\u2019acc\u00e8s : le droit d\u2019acc\u00e8s permet de savoir si des donn\u00e9es vous concernant sont trait\u00e9es et d\u2019en obtenir la communication dans un format compr\u00e9hensible. Ce droit permet \u00e9galement de contr\u00f4ler l\u2019exactitude des donn\u00e9es et au besoin, de les faire rectifier ou effacer. Droit de rectification : ce droit vous permet de corriger des informations inexactes ou incompl\u00e8tes vous concernant (\u00e2ge, adresse erron\u00e9es) en lien avec la finalit\u00e9 du traitement. Ce droit permet d\u2019\u00e9viter que ArtM\u00e9dia Communication n\u2019utilise ou ne diffuse des informations erron\u00e9es sur vous. Page | 10 Droit \u00e0 l\u2019effacement (\u00ab droit \u00e0 l\u2019oubli \u00bb) : le droit \u00e0 l\u2019effacement consiste \u00e0 demander au Responsable de traitement de supprimer les donn\u00e9es personnelles vous concernant. Vous pouvez exercer ce droit lorsque l\u2019un des motifs suivants s\u2019applique (article 17 RGPD) : \u2013 Vos Donn\u00e9es Personnelles sont utilis\u00e9es \u00e0 des fins de prospection ; \u2013 Les Donn\u00e9es Personnelles ne sont pas ou plus n\u00e9cessaires au regard des objectifs pour lesquelles elles ont \u00e9t\u00e9 initialement collect\u00e9es ou trait\u00e9es ; \u2013 Vous retirez votre consentement \u00e0 l\u2019utilisation de vos Donn\u00e9es Personnelles ; \u2013 Vos Donn\u00e9es Personnelles font l\u2019objet d\u2019un traitement illicite (par exemple, publication de donn\u00e9es pirat\u00e9es) ; \u2013 Vos Donn\u00e9es Personnelles ont \u00e9t\u00e9 collect\u00e9es lorsque vous \u00e9tiez mineur dans le cadre de la soci\u00e9t\u00e9 de l\u2019information (blog, forum, r\u00e9seau social, site web\u2026) ; \u2013 Vos Donn\u00e9es Personnelles doivent \u00eatre effac\u00e9es pour respecter une obligation l\u00e9gale ; \u2013 Vous vous \u00eates oppos\u00e9 au traitement de vos Donn\u00e9es Personnelles et le responsable du fichier n\u2019a pas de motif l\u00e9gitime ou imp\u00e9rieux de ne pas donner suite \u00e0 cette demande. Droit \u00e0 la limitation du traitement : le droit \u00e0 la limitation du traitement permet au responsable de traitement de proc\u00e9der \u00e0 une v\u00e9rification ou \u00e0 un examen de votre demande pendant un certain temps. Pendant ce d\u00e9lai, vos Donn\u00e9es Personnelles sont gel\u00e9es et le Responsable de traitement ne devra plus utiliser ces Donn\u00e9es Personnelles mais les conserver. Par exemple, vous pouvez exercer une demande d\u2019acc\u00e8s aux images d\u2019une cam\u00e9ra de vid\u00e9osurveillance. Le temps de conservation de ces images est limit\u00e9 \u00e0 30 jours. Votre droit \u00e0 la limitation vous servira \u00e0 exiger de l\u2019organisme la non-suppression desdites images, que vous souhaitez conserver dans le cadre d\u2019une proc\u00e9dure. Droit \u00e0 la portabilit\u00e9 : ce droit offre aux personnes concern\u00e9es, la possibilit\u00e9 de r\u00e9cup\u00e9rer une partie de leurs Donn\u00e9es Personnelles dans un format ouvert et lisible par une machine. Les personnes concern\u00e9es peuvent ainsi stocker ou transmettre facilement d\u2019un syst\u00e8me d\u2019information \u00e0 un autre en vue de : \u2013 R\u00e9cup\u00e9rer les Donn\u00e9es Personnelles les concernant pour un usage personnel ; \u2013 D\u2019assurer leur r\u00e9utilisation en vue de leur r\u00e9utilisation par un autre organisme. Droit d\u2019opposition : Toute personne peut s\u2019opposer, pour des motifs l\u00e9gitimes qui lui sont propres, \u00e0 figurer dans un fichier et peut refuser sans avoir \u00e0 se justifier, que les Donn\u00e9es Personnelles qui la concernent soient utilis\u00e9es \u00e0 des fins de prospection commerciale. Lors de l\u2019exercice de ce droit, vous devez indiquer que vous exercez votre droit selon \u00ab des raisons tenant \u00e0 votre situation particuli\u00e8re \u00bb, sauf en cas de prospection commerciale, \u00e0 laquelle vous pouvez vous opposer sans motif. A titre d\u2019exemple, vous souhaitez vous opposer \u00e0 une d\u00e9cision li\u00e9e \u00e0 votre profilage qui vous d\u00e9savantage ; vous vous opposez \u00e0 figurer dans l\u2019annuaire universel des abonn\u00e9s au t\u00e9l\u00e9phone. La possibilit\u00e9 d\u2019organiser le sort de ses donn\u00e9es personnelles apr\u00e8s d\u00e9c\u00e8s : les personnes peuvent donner les directives relatives \u00e0 la conservation, \u00e0 l\u2019effacement et \u00e0 la communication de leurs Donn\u00e9es Personnelles apr\u00e8s leur d\u00e9c\u00e8s. Une personne peut \u00eatre d\u00e9sign\u00e9e pour ex\u00e9cuter ces directives lorsque la personne concern\u00e9e est d\u00e9c\u00e9d\u00e9e. Exercer vos droits et coordonn\u00e9es de notre D\u00e9l\u00e9gu\u00e9 \u00e0 la protection des donn\u00e9es Conform\u00e9ment au R\u00e8glement (UE) 2016\/679 dit R\u00e8glement g\u00e9n\u00e9ral sur la protection des donn\u00e9es (RGPD) et \u00e0 la loi n\u00b0 78-17 du 6 janvier 1978 modifi\u00e9e relative \u00e0 l\u2019informatique, aux fichiers et aux libert\u00e9s (ci-apr\u00e8s la loi \u00ab Informatique et Libert\u00e9s \u00bb), vous pouvez exercer vos droits en contactant notre responsable \u00e0 la protection des donn\u00e9es. Soit par courrier \u00e0 l\u2019adresse postale suivante : ArtM\u00e9dia Communication \u00e0 la protection des donn\u00e9es 18, rue Rontauney, Saint-Denis 97490 \u2013 <\/span><a href=\"mailto:direction@artmediacommunication.com\"><span>direction@artmediacommunication.com<\/span><\/a><span> Les informations collect\u00e9es par notre D\u00e9l\u00e9gu\u00e9 \u00e0 la protection des donn\u00e9es contiennent des Donn\u00e9es Personnelles au sens de la loi \u00ab Informatique et Libert\u00e9s \u00bb. Elles sont destin\u00e9es \u00e0 ArtM\u00e9dia Communication afin de pouvoir traiter les demandes des personnes concern\u00e9es et \u00e9changer avec ces derni\u00e8res. Ces informations sont confidentielles et conserv\u00e9es par ArtM\u00e9dia Communication, ses filiales et ou ses partenaires. Sous r\u00e9serve des limitations pr\u00e9vues par la r\u00e9glementation en vigueur, vous pouvez exercer vos droits \u00e0 tout moment et gratuitement. Lorsque la demande est recevable, fond\u00e9e et non-excessive, ArtM\u00e9dia Communication s\u2019engage \u00e0 faire droit \u00e0 la demande dans un d\u00e9lai de deux (2) mois \u00e0 compter de la r\u00e9ception de la demande. Lorsque la demande n\u2019est pas recevable, manifestement infond\u00e9e ou excessive notamment en raison de son caract\u00e8re r\u00e9p\u00e9titif, ArtM\u00e9dia Communication se r\u00e9serve la possibilit\u00e9 de refuser de faire droit \u00e0 la demande de la personne. En application du d\u00e9cret n\u00b0 2019-536 du 29 mai 2019, toute demande d\u2019exercice de l\u2019un de vos droits aupr\u00e8s de ArtM\u00e9dia Communication en sa qualit\u00e9 de Responsable de traitement doit \u00eatre faite par \u00e9crit, dat\u00e9e et sign\u00e9. La demande devra pr\u00e9ciser l\u2019adresse \u00e0 laquelle la r\u00e9ponse devra \u00eatre envoy\u00e9e. En cas de doute s\u00e9rieux quant \u00e0 l\u2019identit\u00e9 de la personne auteur d\u2019une demande, ArtM\u00e9dia Communication se r\u00e9serve le droit de demander des informations suppl\u00e9mentaires telles qu\u2019une photocopie d\u2019un titre d\u2019identit\u00e9 portant la signature du titulaire.<\/span><\/p>\n<p>[\/et_pb_text][\/et_pb_column][\/et_pb_row][\/et_pb_section]<\/p>\n","protected":false},"excerpt":{"rendered":"<p>Politique de Confidentialit\u00e9\u00a0Le pr\u00e9sent document a pour objet de d\u00e9finir la politique de protection des donn\u00e9es personnelles de ArtM\u00e9dia Communication dont le si\u00e8ge social se situe 18,rue Rontauney,Saint-Denis 97490 \u2013 Ile de la R\u00e9union. ArtM\u00e9dia Communication est l\u2019\u00e9diteur de contenus, de produits et de services disponibles sur diff\u00e9rents supports physiques et digitaux. Cela inclut les [&hellip;]<\/p>\n","protected":false},"author":1,"featured_media":0,"parent":0,"menu_order":0,"comment_status":"closed","ping_status":"closed","template":"","meta":{"_et_pb_use_builder":"on","_et_pb_old_content":"","_et_gb_content_width":"","footnotes":""},"class_list":["post-236","page","type-page","status-publish","hentry"],"_links":{"self":[{"href":"https:\/\/artmediacommunication.com\/index.php\/wp-json\/wp\/v2\/pages\/236","targetHints":{"allow":["GET"]}}],"collection":[{"href":"https:\/\/artmediacommunication.com\/index.php\/wp-json\/wp\/v2\/pages"}],"about":[{"href":"https:\/\/artmediacommunication.com\/index.php\/wp-json\/wp\/v2\/types\/page"}],"author":[{"embeddable":true,"href":"https:\/\/artmediacommunication.com\/index.php\/wp-json\/wp\/v2\/users\/1"}],"replies":[{"embeddable":true,"href":"https:\/\/artmediacommunication.com\/index.php\/wp-json\/wp\/v2\/comments?post=236"}],"version-history":[{"count":2,"href":"https:\/\/artmediacommunication.com\/index.php\/wp-json\/wp\/v2\/pages\/236\/revisions"}],"predecessor-version":[{"id":238,"href":"https:\/\/artmediacommunication.com\/index.php\/wp-json\/wp\/v2\/pages\/236\/revisions\/238"}],"wp:attachment":[{"href":"https:\/\/artmediacommunication.com\/index.php\/wp-json\/wp\/v2\/media?parent=236"}],"curies":[{"name":"wp","href":"https:\/\/api.w.org\/{rel}","templated":true}]}}